{"id":71,"date":"2017-01-14T03:50:25","date_gmt":"2017-01-14T02:50:25","guid":{"rendered":"https:\/\/christopherrobert.fr\/?page_id=71"},"modified":"2020-05-04T15:47:18","modified_gmt":"2020-05-04T13:47:18","slug":"references","status":"publish","type":"page","link":"https:\/\/www.christopherrobert.fr\/?page_id=71","title":{"rendered":"Nos R\u00e9f\u00e9rences"},"content":{"rendered":"<p><div class=\"fusion-fullwidth fullwidth-box fusion-builder-row-1 nonhundred-percent-fullwidth non-hundred-percent-height-scrolling\"  style='background-color: rgba(255,255,255,0);background-position: center center;background-repeat: no-repeat;padding-top:20px;padding-right:0px;padding-bottom:10px;padding-left:0px;'><div class=\"fusion-builder-row fusion-row \"><div  class=\"fusion-layout-column fusion_builder_column fusion_builder_column_1_1 fusion-builder-column-0 fusion-one-full fusion-column-first fusion-column-last 1_1\"  style='margin-top:0px;margin-bottom:20px;'><div class=\"fusion-column-wrapper\" style=\"padding: 0px 0px 0px 0px;background-position:left top;background-repeat:no-repeat;-webkit-background-size:cover;-moz-background-size:cover;-o-background-size:cover;background-size:cover;\"   data-bg-url=\"\"><style type=\"text\/css\">@media only screen and (max-width:800px) {.fusion-title.fusion-title-1{margin-top:10px!important;margin-bottom:10px!important;}}<\/style><div class=\"fusion-title title fusion-title-1 fusion-sep-none fusion-title-center fusion-title-text fusion-title-size-one\" style=\"margin-top:0px;margin-bottom:31px;\"><h1 class=\"title-heading-center\" style=\"margin:0;\"><h1 style=\"font-size: 38px;\">NOS R\u00c9F\u00c9RENCES<\/h1><\/h1><\/div><div class=\"fusion-clearfix\"><\/div><\/div><\/div><\/div><\/div><div class=\"fusion-fullwidth fullwidth-box fusion-builder-row-2 nonhundred-percent-fullwidth non-hundred-percent-height-scrolling\"  style='background-color: rgba(255,255,255,0);background-position: center center;background-repeat: no-repeat;padding-top:0px;padding-right:0px;padding-bottom:20px;padding-left:0px;'><div class=\"fusion-builder-row fusion-row \"><div  class=\"fusion-layout-column fusion_builder_column fusion_builder_column_1_4 fusion-builder-column-1 fusion-one-fourth fusion-column-first 1_4\"  style='margin-top:0px;margin-bottom:20px;width:25%;width:calc(25% - ( ( 4% ) * 0.25 ) );margin-right: 4%;'><div class=\"fusion-column-wrapper\" style=\"padding: 0px 0px 0px 0px;background-position:left top;background-repeat:no-repeat;-webkit-background-size:cover;-moz-background-size:cover;-o-background-size:cover;background-size:cover;\"   data-bg-url=\"\"><div class=\"fusion-clearfix\"><\/div><\/div><\/div><div  class=\"fusion-layout-column fusion_builder_column fusion_builder_column_1_2 fusion-builder-column-2 fusion-one-half fusion-column-last 1_2\"  style='margin-top:0px;margin-bottom:20px;width:50%;width:calc(50% - ( ( 4% ) * 0.5 ) );'><div class=\"fusion-column-wrapper\" style=\"padding: 0px 0px 0px 0px;background-position:left top;background-repeat:no-repeat;-webkit-background-size:cover;-moz-background-size:cover;-o-background-size:cover;background-size:cover;\"   data-bg-url=\"\"><div class=\"fusion-text\"><p>Christopher Robert Group accompagne les leaders et les organisations soucieuses de d\u00e9velopper leurs performances en atteignant des objectifs r\u00e9els et ambitieux. Pragmatiques et confrontants, nous nous appliquons \u00e0 optimiser l\u2019efficacit\u00e9 et la performance de chacun tout en pr\u00e9servant la coh\u00e9rence du syst\u00e8me en place.<\/p>\n<\/div><div class=\"fusion-clearfix\"><\/div><\/div><\/div><\/div><\/div><div class=\"fusion-fullwidth fullwidth-box fusion-builder-row-3 nonhundred-percent-fullwidth non-hundred-percent-height-scrolling\"  style='background-color: rgba(255,255,255,0);background-position: center center;background-repeat: no-repeat;padding-top:20px;padding-right:0px;padding-bottom:10px;padding-left:0px;'><div class=\"fusion-builder-row fusion-row \"><div  class=\"fusion-layout-column fusion_builder_column fusion_builder_column_1_1 fusion-builder-column-3 fusion-one-full fusion-column-first fusion-column-last 1_1\"  style='margin-top:0px;margin-bottom:20px;'><div class=\"fusion-column-wrapper\" style=\"padding: 0px 0px 0px 0px;background-position:left top;background-repeat:no-repeat;-webkit-background-size:cover;-moz-background-size:cover;-o-background-size:cover;background-size:cover;\"   data-bg-url=\"\"><div class=\"fusion-tabs fusion-tabs-1 classic horizontal-tabs icon-position-left\"><style type=\"text\/css\">.fusion-tabs.fusion-tabs-1 .nav-tabs li a.tab-link{border-top-color:#ebeaea;background-color:#ebeaea;}.fusion-tabs.fusion-tabs-1 .nav-tabs{background-color:#ffffff;}.fusion-tabs.fusion-tabs-1 .nav-tabs li.active a.tab-link,.fusion-tabs.fusion-tabs-1 .nav-tabs li.active a.tab-link:hover,.fusion-tabs.fusion-tabs-1 .nav-tabs li.active a.tab-link:focus{border-right-color:#ffffff;}.fusion-tabs.fusion-tabs-1 .nav-tabs li.active a.tab-link,.fusion-tabs.fusion-tabs-1 .nav-tabs li.active a.tab-link:hover,.fusion-tabs.fusion-tabs-1 .nav-tabs li.active a.tab-link:focus{background-color:#ffffff;}.fusion-tabs.fusion-tabs-1 .nav-tabs li a:hover{background-color:#ffffff;border-top-color:#ffffff;}.fusion-tabs.fusion-tabs-1 .tab-pane{background-color:#ffffff;}.fusion-tabs.fusion-tabs-1 .nav,.fusion-tabs.fusion-tabs-1 .nav-tabs,.fusion-tabs.fusion-tabs-1 .tab-content .tab-pane{border-color:#ebeaea;}<\/style><div class=\"nav\"><ul class=\"nav-tabs nav-justified\"><li class=\"active\"><a class=\"tab-link\" data-toggle=\"tab\" id=\"fusion-tab-retails\" href=\"#tab-40209c6dc4000d70c59\"><h4 class=\"fusion-tab-heading\">Retails<\/h4><\/a><\/li><li><a class=\"tab-link\" data-toggle=\"tab\" id=\"fusion-tab-services\" href=\"#tab-71ff45046498a3b48cf\"><h4 class=\"fusion-tab-heading\">Services<\/h4><\/a><\/li><li><a class=\"tab-link\" data-toggle=\"tab\" id=\"fusion-tab-technologie\" href=\"#tab-a148d651cab278abe33\"><h4 class=\"fusion-tab-heading\">Technologie<\/h4><\/a><\/li><li><a class=\"tab-link\" data-toggle=\"tab\" id=\"fusion-tab-industrie\" href=\"#tab-695c93e20e9e85324de\"><h4 class=\"fusion-tab-heading\">Industrie<\/h4><\/a><\/li><li><a class=\"tab-link\" data-toggle=\"tab\" id=\"fusion-tab-m\u00e9dical\" href=\"#tab-64c1a84bbe1b40c31b1\"><h4 class=\"fusion-tab-heading\">M\u00e9dical<\/h4><\/a><\/li><\/ul><\/div><div class=\"tab-content\"><div class=\"nav fusion-mobile-tab-nav\"><ul class=\"nav-tabs nav-justified\"><li class=\"active\"><a class=\"tab-link\" data-toggle=\"tab\" id=\"mobile-fusion-tab-retails\" href=\"#tab-40209c6dc4000d70c59\"><h4 class=\"fusion-tab-heading\">Retails<\/h4><\/a><\/li><\/ul><\/div><div class=\"tab-pane fade fusion-clearfix in active\" id=\"tab-40209c6dc4000d70c59\"><div class=\"imageframe-align-center\"><span class=\"fusion-imageframe imageframe-none imageframe-1 hover-type-none\"><img loading=\"lazy\" decoding=\"async\" src=\"https:\/\/www.christopherrobert.fr\/wp-content\/uploads\/2017\/01\/marques1.jpg\" width=\"1250\" height=\"150\" alt=\"\" title=\"marques1\" class=\"img-responsive wp-image-134\"\/><\/span><\/div>\n<div class=\"imageframe-align-center\"><span class=\"fusion-imageframe imageframe-none imageframe-2 hover-type-none\"><img loading=\"lazy\" decoding=\"async\" src=\"https:\/\/www.christopherrobert.fr\/wp-content\/uploads\/2017\/01\/marques3.jpg\" width=\"1250\" height=\"150\" alt=\"\" title=\"marques3\" class=\"img-responsive wp-image-137\"\/><\/span><\/div>\n<div class=\"imageframe-align-center\"><span class=\"fusion-imageframe imageframe-none imageframe-3 hover-type-none\"><img loading=\"lazy\" decoding=\"async\" src=\"https:\/\/www.christopherrobert.fr\/wp-content\/uploads\/2017\/01\/marques4.jpg\" width=\"1250\" height=\"150\" alt=\"\" title=\"marques4\" class=\"img-responsive wp-image-138\"\/><\/span><\/div>\n<div class=\"imageframe-align-center\"><span class=\"fusion-imageframe imageframe-none imageframe-4 hover-type-none\"><img loading=\"lazy\" decoding=\"async\" src=\"https:\/\/www.christopherrobert.fr\/wp-content\/uploads\/2020\/05\/references1.jpg\" width=\"1250\" height=\"150\" alt=\"\" title=\"marques4\" class=\"img-responsive wp-image-138\"\/><\/span><\/div><\/div><div class=\"nav fusion-mobile-tab-nav\"><ul class=\"nav-tabs nav-justified\"><li><a class=\"tab-link\" data-toggle=\"tab\" id=\"mobile-fusion-tab-services\" href=\"#tab-71ff45046498a3b48cf\"><h4 class=\"fusion-tab-heading\">Services<\/h4><\/a><\/li><\/ul><\/div><div class=\"tab-pane fade fusion-clearfix\" id=\"tab-71ff45046498a3b48cf\"><div class=\"imageframe-align-center\"><span class=\"fusion-imageframe imageframe-none imageframe-5 hover-type-none\"><img loading=\"lazy\" decoding=\"async\" src=\"https:\/\/www.christopherrobert.fr\/wp-content\/uploads\/2020\/05\/references2.jpg\" width=\"1250\" height=\"150\" alt=\"\" title=\"references2\" class=\"img-responsive wp-image-421\" srcset=\"https:\/\/www.christopherrobert.fr\/wp-content\/uploads\/2020\/05\/references2-200x24.jpg 200w, https:\/\/www.christopherrobert.fr\/wp-content\/uploads\/2020\/05\/references2-400x48.jpg 400w, https:\/\/www.christopherrobert.fr\/wp-content\/uploads\/2020\/05\/references2-600x72.jpg 600w, https:\/\/www.christopherrobert.fr\/wp-content\/uploads\/2020\/05\/references2-800x96.jpg 800w, https:\/\/www.christopherrobert.fr\/wp-content\/uploads\/2020\/05\/references2-1200x144.jpg 1200w, https:\/\/www.christopherrobert.fr\/wp-content\/uploads\/2020\/05\/references2.jpg 1250w\" sizes=\"auto, (max-width: 800px) 100vw, 1200px\" \/><\/span><\/div>\n<div class=\"imageframe-align-center\"><span class=\"fusion-imageframe imageframe-none imageframe-6 hover-type-none\"><img loading=\"lazy\" decoding=\"async\" src=\"https:\/\/www.christopherrobert.fr\/wp-content\/uploads\/2017\/01\/r\u00e9f\u00e9rences-services2.jpg\" width=\"1250\" height=\"150\" alt=\"\" title=\"r\u00e9f\u00e9rences services2\" class=\"img-responsive wp-image-145\"\/><\/span><\/div>\n<div class=\"imageframe-align-center\"><span class=\"fusion-imageframe imageframe-none imageframe-7 hover-type-none\"><img loading=\"lazy\" decoding=\"async\" src=\"https:\/\/www.christopherrobert.fr\/wp-content\/uploads\/2017\/01\/r\u00e9f\u00e9rences-services3.jpg\" width=\"1250\" height=\"150\" alt=\"\" title=\"r\u00e9f\u00e9rences services3\" class=\"img-responsive wp-image-146\"\/><\/span><\/div>\n<div class=\"imageframe-align-center\"><span class=\"fusion-imageframe imageframe-none imageframe-8 hover-type-none\"><img loading=\"lazy\" decoding=\"async\" src=\"https:\/\/www.christopherrobert.fr\/wp-content\/uploads\/2020\/05\/r\u00e9f\u00e9rences3.jpg\" width=\"1250\" height=\"150\" alt=\"\" title=\"r\u00e9f\u00e9rences services4\" class=\"img-responsive wp-image-147\"\/><\/span><\/div>\n<div class=\"imageframe-align-center\"><span class=\"fusion-imageframe imageframe-none imageframe-9 hover-type-none\"><img loading=\"lazy\" decoding=\"async\" src=\"https:\/\/www.christopherrobert.fr\/wp-content\/uploads\/2020\/05\/r\u00e9f\u00e9rences5.jpg\" width=\"1250\" height=\"150\" alt=\"\" title=\"r\u00e9f\u00e9rences services4\" class=\"img-responsive wp-image-147\"\/><\/span><\/div><\/div><div class=\"nav fusion-mobile-tab-nav\"><ul class=\"nav-tabs nav-justified\"><li><a class=\"tab-link\" data-toggle=\"tab\" id=\"mobile-fusion-tab-technologie\" href=\"#tab-a148d651cab278abe33\"><h4 class=\"fusion-tab-heading\">Technologie<\/h4><\/a><\/li><\/ul><\/div><div class=\"tab-pane fade fusion-clearfix\" id=\"tab-a148d651cab278abe33\"><div class=\"imageframe-align-center\"><span class=\"fusion-imageframe imageframe-none imageframe-10 hover-type-none\"><img loading=\"lazy\" decoding=\"async\" src=\"https:\/\/www.christopherrobert.fr\/wp-content\/uploads\/2017\/01\/r\u00e9f\u00e9rences-tech2.jpg\" width=\"1250\" height=\"150\" alt=\"\" title=\"r\u00e9f\u00e9rences tech2\" class=\"img-responsive wp-image-150\"\/><\/span><\/div>\n<div class=\"imageframe-align-center\"><span class=\"fusion-imageframe imageframe-none imageframe-11 hover-type-none\"><img loading=\"lazy\" decoding=\"async\" src=\"https:\/\/www.christopherrobert.fr\/wp-content\/uploads\/2017\/01\/r\u00e9f\u00e9rences-tech1.jpg\" width=\"1250\" height=\"150\" alt=\"\" title=\"r\u00e9f\u00e9rences tech1\" class=\"img-responsive wp-image-149\"\/><\/span><\/div>\n<div class=\"imageframe-align-center\"><span class=\"fusion-imageframe imageframe-none imageframe-12 hover-type-none\"><img loading=\"lazy\" decoding=\"async\" src=\"https:\/\/www.christopherrobert.fr\/wp-content\/uploads\/2017\/01\/r\u00e9f\u00e9rences-tech3.jpg\" width=\"1250\" height=\"150\" alt=\"\" title=\"r\u00e9f\u00e9rences tech3\" class=\"img-responsive wp-image-151\"\/><\/span><\/div>\n<div class=\"imageframe-align-center\"><span class=\"fusion-imageframe imageframe-none imageframe-13 hover-type-none\"><img loading=\"lazy\" decoding=\"async\" src=\"https:\/\/www.christopherrobert.fr\/wp-content\/uploads\/2020\/05\/r\u00e9f\u00e9rences9.jpg\" width=\"1250\" height=\"150\" alt=\"\" title=\"r\u00e9f\u00e9rences9\" class=\"img-responsive wp-image-433\" srcset=\"https:\/\/www.christopherrobert.fr\/wp-content\/uploads\/2020\/05\/r\u00e9f\u00e9rences9-200x24.jpg 200w, https:\/\/www.christopherrobert.fr\/wp-content\/uploads\/2020\/05\/r\u00e9f\u00e9rences9-400x48.jpg 400w, https:\/\/www.christopherrobert.fr\/wp-content\/uploads\/2020\/05\/r\u00e9f\u00e9rences9-600x72.jpg 600w, https:\/\/www.christopherrobert.fr\/wp-content\/uploads\/2020\/05\/r\u00e9f\u00e9rences9-800x96.jpg 800w, https:\/\/www.christopherrobert.fr\/wp-content\/uploads\/2020\/05\/r\u00e9f\u00e9rences9-1200x144.jpg 1200w, https:\/\/www.christopherrobert.fr\/wp-content\/uploads\/2020\/05\/r\u00e9f\u00e9rences9.jpg 1250w\" sizes=\"auto, (max-width: 800px) 100vw, 1200px\" \/><\/span><\/div>\n<div class=\"imageframe-align-center\"><span class=\"fusion-imageframe imageframe-none imageframe-14 hover-type-none\"><img loading=\"lazy\" decoding=\"async\" src=\"https:\/\/www.christopherrobert.fr\/wp-content\/uploads\/2020\/05\/r\u00e9f\u00e9rences10.jpg\" width=\"1250\" height=\"150\" alt=\"\" title=\"r\u00e9f\u00e9rences10\" class=\"img-responsive wp-image-434\" srcset=\"https:\/\/www.christopherrobert.fr\/wp-content\/uploads\/2020\/05\/r\u00e9f\u00e9rences10-200x24.jpg 200w, https:\/\/www.christopherrobert.fr\/wp-content\/uploads\/2020\/05\/r\u00e9f\u00e9rences10-400x48.jpg 400w, https:\/\/www.christopherrobert.fr\/wp-content\/uploads\/2020\/05\/r\u00e9f\u00e9rences10-600x72.jpg 600w, https:\/\/www.christopherrobert.fr\/wp-content\/uploads\/2020\/05\/r\u00e9f\u00e9rences10-800x96.jpg 800w, https:\/\/www.christopherrobert.fr\/wp-content\/uploads\/2020\/05\/r\u00e9f\u00e9rences10-1200x144.jpg 1200w, https:\/\/www.christopherrobert.fr\/wp-content\/uploads\/2020\/05\/r\u00e9f\u00e9rences10.jpg 1250w\" sizes=\"auto, (max-width: 800px) 100vw, 1200px\" \/><\/span><\/div><\/div><div class=\"nav fusion-mobile-tab-nav\"><ul class=\"nav-tabs nav-justified\"><li><a class=\"tab-link\" data-toggle=\"tab\" id=\"mobile-fusion-tab-industrie\" href=\"#tab-695c93e20e9e85324de\"><h4 class=\"fusion-tab-heading\">Industrie<\/h4><\/a><\/li><\/ul><\/div><div class=\"tab-pane fade fusion-clearfix\" id=\"tab-695c93e20e9e85324de\"><div class=\"imageframe-align-center\"><span class=\"fusion-imageframe imageframe-none imageframe-15 hover-type-none\"><img loading=\"lazy\" decoding=\"async\" src=\"https:\/\/www.christopherrobert.fr\/wp-content\/uploads\/2017\/01\/marques2.jpg\" width=\"1250\" height=\"150\" alt=\"\" title=\"marques2\" class=\"img-responsive wp-image-136\"\/><\/span><\/div>\n<div class=\"imageframe-align-center\"><span class=\"fusion-imageframe imageframe-none imageframe-16 hover-type-none\"><img loading=\"lazy\" decoding=\"async\" src=\"https:\/\/www.christopherrobert.fr\/wp-content\/uploads\/2017\/01\/r\u00e9f\u00e9rences-industrie.jpg\" width=\"1250\" height=\"150\" alt=\"\" title=\"r\u00e9f\u00e9rences industrie\" class=\"img-responsive wp-image-140\"\/><\/span><\/div>\n<div class=\"imageframe-align-center\"><span class=\"fusion-imageframe imageframe-none imageframe-17 hover-type-none\"><img loading=\"lazy\" decoding=\"async\" src=\"https:\/\/www.christopherrobert.fr\/wp-content\/uploads\/2020\/05\/r\u00e9f\u00e9rences6.jpg\" width=\"1250\" height=\"150\" alt=\"\" title=\"r\u00e9f\u00e9rences industrie\" class=\"img-responsive wp-image-140\"\/><\/span><\/div><\/div><div class=\"nav fusion-mobile-tab-nav\"><ul class=\"nav-tabs nav-justified\"><li><a class=\"tab-link\" data-toggle=\"tab\" id=\"mobile-fusion-tab-m\u00e9dical\" href=\"#tab-64c1a84bbe1b40c31b1\"><h4 class=\"fusion-tab-heading\">M\u00e9dical<\/h4><\/a><\/li><\/ul><\/div><div class=\"tab-pane fade fusion-clearfix\" id=\"tab-64c1a84bbe1b40c31b1\"><div class=\"imageframe-align-center\"><span class=\"fusion-imageframe imageframe-none imageframe-18 hover-type-none\"><img loading=\"lazy\" decoding=\"async\" src=\"https:\/\/www.christopherrobert.fr\/wp-content\/uploads\/2020\/05\/r\u00e9f\u00e9rences7.jpg\" width=\"1250\" height=\"150\" alt=\"\" title=\"r\u00e9f\u00e9rences7\" class=\"img-responsive wp-image-430\" srcset=\"https:\/\/www.christopherrobert.fr\/wp-content\/uploads\/2020\/05\/r\u00e9f\u00e9rences7-200x24.jpg 200w, https:\/\/www.christopherrobert.fr\/wp-content\/uploads\/2020\/05\/r\u00e9f\u00e9rences7-400x48.jpg 400w, https:\/\/www.christopherrobert.fr\/wp-content\/uploads\/2020\/05\/r\u00e9f\u00e9rences7-600x72.jpg 600w, https:\/\/www.christopherrobert.fr\/wp-content\/uploads\/2020\/05\/r\u00e9f\u00e9rences7-800x96.jpg 800w, https:\/\/www.christopherrobert.fr\/wp-content\/uploads\/2020\/05\/r\u00e9f\u00e9rences7-1200x144.jpg 1200w, https:\/\/www.christopherrobert.fr\/wp-content\/uploads\/2020\/05\/r\u00e9f\u00e9rences7.jpg 1250w\" sizes=\"auto, (max-width: 800px) 100vw, 1200px\" \/><\/span><\/div>\n<span class=\"fusion-imageframe imageframe-none imageframe-19 hover-type-none\"><img loading=\"lazy\" decoding=\"async\" src=\"https:\/\/www.christopherrobert.fr\/wp-content\/uploads\/2020\/05\/r\u00e9f\u00e9rences8.jpg\" width=\"1250\" height=\"150\" alt=\"\" title=\"r\u00e9f\u00e9rences8\" class=\"img-responsive wp-image-431\" srcset=\"https:\/\/www.christopherrobert.fr\/wp-content\/uploads\/2020\/05\/r\u00e9f\u00e9rences8-200x24.jpg 200w, https:\/\/www.christopherrobert.fr\/wp-content\/uploads\/2020\/05\/r\u00e9f\u00e9rences8-400x48.jpg 400w, https:\/\/www.christopherrobert.fr\/wp-content\/uploads\/2020\/05\/r\u00e9f\u00e9rences8-600x72.jpg 600w, https:\/\/www.christopherrobert.fr\/wp-content\/uploads\/2020\/05\/r\u00e9f\u00e9rences8-800x96.jpg 800w, https:\/\/www.christopherrobert.fr\/wp-content\/uploads\/2020\/05\/r\u00e9f\u00e9rences8-1200x144.jpg 1200w, https:\/\/www.christopherrobert.fr\/wp-content\/uploads\/2020\/05\/r\u00e9f\u00e9rences8.jpg 1250w\" sizes=\"auto, (max-width: 800px) 100vw, 1200px\" \/><\/span><\/div><\/div><\/div><div class=\"fusion-sep-clear\"><\/div><div class=\"fusion-separator fusion-full-width-sep sep-none\" style=\"margin-left: auto;margin-right: auto;margin-top:10px;margin-bottom:10px;\"><\/div><div class=\"fusion-text\"><p style=\"text-align: center;\"><strong><a href=\"https:\/\/www.christopherrobert.fr\/wp-content\/uploads\/2017\/06\/CRC-Conditions-g\u00e9n\u00e9rales-de-vente.pdf\" target=\"_blank\" rel=\"noopener noreferrer\">Conditions G\u00e9n\u00e9rales de Vente<\/a><\/strong><\/p>\n<\/div><div class=\"fusion-sep-clear\"><\/div><div class=\"fusion-separator sep-single sep-solid\" style=\"border-color:#000000;border-top-width:1px;margin-left: auto;margin-right: auto;margin-top:5px;width:100%;max-width:5%;\"><\/div><div class=\"fusion-clearfix\"><\/div><\/div><\/div><\/div><\/div><\/p>\n","protected":false},"excerpt":{"rendered":"","protected":false},"author":1,"featured_media":0,"parent":0,"menu_order":0,"comment_status":"closed","ping_status":"closed","template":"100-width.php","meta":{"footnotes":""},"class_list":["post-71","page","type-page","status-publish","hentry"],"_links":{"self":[{"href":"https:\/\/www.christopherrobert.fr\/index.php?rest_route=\/wp\/v2\/pages\/71","targetHints":{"allow":["GET"]}}],"collection":[{"href":"https:\/\/www.christopherrobert.fr\/index.php?rest_route=\/wp\/v2\/pages"}],"about":[{"href":"https:\/\/www.christopherrobert.fr\/index.php?rest_route=\/wp\/v2\/types\/page"}],"author":[{"embeddable":true,"href":"https:\/\/www.christopherrobert.fr\/index.php?rest_route=\/wp\/v2\/users\/1"}],"replies":[{"embeddable":true,"href":"https:\/\/www.christopherrobert.fr\/index.php?rest_route=%2Fwp%2Fv2%2Fcomments&post=71"}],"version-history":[{"count":37,"href":"https:\/\/www.christopherrobert.fr\/index.php?rest_route=\/wp\/v2\/pages\/71\/revisions"}],"predecessor-version":[{"id":435,"href":"https:\/\/www.christopherrobert.fr\/index.php?rest_route=\/wp\/v2\/pages\/71\/revisions\/435"}],"wp:attachment":[{"href":"https:\/\/www.christopherrobert.fr\/index.php?rest_route=%2Fwp%2Fv2%2Fmedia&parent=71"}],"curies":[{"name":"wp","href":"https:\/\/api.w.org\/{rel}","templated":true}]}}