{"id":69,"date":"2017-01-14T03:49:21","date_gmt":"2017-01-14T02:49:21","guid":{"rendered":"https:\/\/christopherrobert.fr\/?page_id=69"},"modified":"2022-05-05T15:07:09","modified_gmt":"2022-05-05T13:07:09","slug":"equipe","status":"publish","type":"page","link":"https:\/\/www.christopherrobert.fr\/?page_id=69","title":{"rendered":"Equipe"},"content":{"rendered":"<div class=\"fusion-fullwidth fullwidth-box fusion-builder-row-1 hundred-percent-fullwidth non-hundred-percent-height-scrolling fusion-equal-height-columns\"  style='background-color: rgba(255,255,255,0);background-position: center center;background-repeat: no-repeat;padding-top:0px;padding-bottom:40px;'><div class=\"fusion-builder-row fusion-row \"><div  class=\"fusion-layout-column fusion_builder_column fusion_builder_column_1_2 fusion-builder-column-0 fusion-one-half fusion-column-first 1_2\"  style='margin-top:0px;margin-bottom:0px;width:50%;width:calc(50% - ( ( 0 + 0 ) * 0.5 ) );margin-right: 0px;'><div class=\"fusion-column-wrapper\" style=\"padding: 0px 0px 0px 0px;background-position:left top;background-repeat:no-repeat;-webkit-background-size:cover;-moz-background-size:cover;-o-background-size:cover;background-size:cover;\"   data-bg-url=\"\"><div class=\"fusion-column-content-centered\"><div class=\"fusion-column-content\"><div class=\"fusion-text\"><p><strong><!-- Chart Action CSS -->\r\n<style type=\"text\/css\">\r\n\t#imap_1 {\n \n}\n\n#imap_1 svg g:nth-child(1) > g:nth-child(1) > path:nth-child(n+1):nth-child(-n+128) {\n  display: none;\n}\n\n#imap_1 .tooltip-wrap {\n  width: 200px;\n}\n#imap_1 .google-visualization-tooltip {\n  border-radius: 2px;\n  background-color: #0076bc;\n  border: 0px solid #0076bc;\n  border-bottom: 0px solid #0076bc;\n}\n#imap_1 .tooltip-header {\n  padding: 1px;\n  font-size: 1.4em;\n  font-family: Roboto;\n  color: #ffffff;\n  font-weight: 400;\n}\n#imap_1 .tooltip-body {\n    border: 0px solid #0076bc;\n    border-bottom: 0px solid #0076bc;\n  background-color: #0076bc;\n    border-radius: 5px;\n    padding: 5px;\n  font-size: 1.5em;\n  font-family: Calibri;\n  color: #ffffff;\n  line-height: 0.2em\n}\n#imap_1 small {\n  padding-left: 5px;\n}\n#imap_1 circle {\n  cursor: pointer;\n}<\/style>\r\n\r\n<!-- Chart Action HTML -->\r\n<div id=\"imap_1\">\n  <div class=\"interactive_map_finder\" id=\"interactive_map_1\" imap=\"1\"><\/div>\n<\/div><\/strong><\/p>\n<\/div><\/div><\/div><div class=\"fusion-clearfix\"><\/div><\/div><\/div><div  class=\"fusion-layout-column fusion_builder_column fusion_builder_column_1_3 fusion-builder-column-1 fusion-one-third 1_3\"  style='margin-top:0px;margin-bottom:20px;width:33.33%;width:calc(33.33% - ( ( 0 + 0 ) * 0.3333 ) );margin-right: 0px;'><div class=\"fusion-column-wrapper\" style=\"padding: 50px 20px 0px 0px;background-position:left top;background-repeat:no-repeat;-webkit-background-size:cover;-moz-background-size:cover;-o-background-size:cover;background-size:cover;\"   data-bg-url=\"\"><div class=\"fusion-column-content-centered\"><div class=\"fusion-column-content\"><style type=\"text\/css\">@media only screen and (max-width:800px) {.fusion-title.fusion-title-1{margin-top:10px!important;margin-bottom:10px!important;}}<\/style><div class=\"fusion-title title fusion-title-1 fusion-sep-none fusion-title-center fusion-title-text fusion-title-size-one\" style=\"margin-top:0px;margin-bottom:31px;\"><h1 class=\"title-heading-center\" style=\"margin:0;\"><h1 style=\"font-size: 38px;\">L&rsquo;\u00c9QUIPE<\/h1><\/h1><\/div><div class=\"fusion-sep-clear\"><\/div><div class=\"fusion-separator sep-single sep-solid\" style=\"border-color:#fce300;border-top-width:3px;margin-left: auto;margin-right: auto;margin-top:10px;margin-bottom:40px;width:100%;max-width:15%;\"><\/div><div class=\"fusion-text\"><p>Christopher Robert Group prend toute sa valeur au travers d\u2019une \u00e9quipe exp\u00e9riment\u00e9e et compl\u00e9mentaire de coaches en mesure de r\u00e9pondre \u00e0 l\u2019ensemble des probl\u00e9matiques. Mais surtout, chacun d\u2019entre eux est convaincu que l\u2019\u00eatre humain et la qualit\u00e9 de la relation humaine sont \u00e0 la base de tout changement. Faites leur connaissance !<\/p>\n<p>Afin de r\u00e9pondre \u00e0 vos demandes, Christopher Robert Group vient \u00e0 votre rencontre et \u00e9tend son r\u00e9seau jour apr\u00e8s jour.<\/p>\n<\/div><div class=\"fusion-sep-clear\"><\/div><div class=\"fusion-separator fusion-full-width-sep sep-none\" style=\"margin-left: auto;margin-right: auto;margin-top:50px;\"><\/div><ul class=\"fusion-checklist fusion-checklist-1\" style=\"font-size:16px;line-height:27.2px;\"><li class=\"fusion-li-item\"><span style=\"height:27.2px;width:27.2px;margin-right:11.2px;\" class=\"icon-wrapper circle-no\"><i class=\"fusion-li-icon fa fa-chevron-left\" style=\"color:#000000;\"><\/i><\/span><div class=\"fusion-li-item-content\" style=\"margin-left:38.4px;\">\n<p><span style=\"color: #000000;\"><strong>Le r\u00e9seau Christopher Robert Group<\/strong><\/span><\/p>\n<\/div><\/li><\/ul><\/div><\/div><div class=\"fusion-clearfix\"><\/div><\/div><\/div><div  class=\"fusion-layout-column fusion_builder_column fusion_builder_column_1_6 fusion-builder-column-2 fusion-one-sixth fusion-column-last 1_6\"  style='margin-top:0px;margin-bottom:20px;width:16.66%;width:calc(16.66% - ( ( 0 + 0 ) * 0.1666 ) );'><div class=\"fusion-column-wrapper\" style=\"padding: 0px 0px 0px 0px;background-position:left top;background-repeat:no-repeat;-webkit-background-size:cover;-moz-background-size:cover;-o-background-size:cover;background-size:cover;\"   data-bg-url=\"\"><div class=\"fusion-clearfix\"><\/div><\/div><\/div><\/div><\/div>\n","protected":false},"excerpt":{"rendered":"","protected":false},"author":1,"featured_media":0,"parent":0,"menu_order":0,"comment_status":"closed","ping_status":"closed","template":"100-width.php","meta":{"footnotes":""},"class_list":["post-69","page","type-page","status-publish","hentry"],"_links":{"self":[{"href":"https:\/\/www.christopherrobert.fr\/index.php?rest_route=\/wp\/v2\/pages\/69","targetHints":{"allow":["GET"]}}],"collection":[{"href":"https:\/\/www.christopherrobert.fr\/index.php?rest_route=\/wp\/v2\/pages"}],"about":[{"href":"https:\/\/www.christopherrobert.fr\/index.php?rest_route=\/wp\/v2\/types\/page"}],"author":[{"embeddable":true,"href":"https:\/\/www.christopherrobert.fr\/index.php?rest_route=\/wp\/v2\/users\/1"}],"replies":[{"embeddable":true,"href":"https:\/\/www.christopherrobert.fr\/index.php?rest_route=%2Fwp%2Fv2%2Fcomments&post=69"}],"version-history":[{"count":56,"href":"https:\/\/www.christopherrobert.fr\/index.php?rest_route=\/wp\/v2\/pages\/69\/revisions"}],"predecessor-version":[{"id":474,"href":"https:\/\/www.christopherrobert.fr\/index.php?rest_route=\/wp\/v2\/pages\/69\/revisions\/474"}],"wp:attachment":[{"href":"https:\/\/www.christopherrobert.fr\/index.php?rest_route=%2Fwp%2Fv2%2Fmedia&parent=69"}],"curies":[{"name":"wp","href":"https:\/\/api.w.org\/{rel}","templated":true}]}}